{"id":474,"date":"2023-08-28T12:10:46","date_gmt":"2023-08-28T15:10:46","guid":{"rendered":"https:\/\/rauliano.com\/?page_id=474"},"modified":"2026-03-15T12:21:07","modified_gmt":"2026-03-15T15:21:07","slug":"topografia-humana-2023","status":"publish","type":"page","link":"https:\/\/rauliano.com\/?page_id=474","title":{"rendered":"Topograf\u00eda Humana"},"content":{"rendered":"\n<figure class=\"wp-block-image size-large is-style-rounded\"><img loading=\"lazy\" decoding=\"async\" width=\"1024\" height=\"768\" src=\"https:\/\/rauliano.com\/wp-content\/uploads\/IMG_3317-1024x768.jpg\" alt=\"\" class=\"wp-image-587\" srcset=\"https:\/\/rauliano.com\/wp-content\/uploads\/IMG_3317-1024x768.jpg 1024w, https:\/\/rauliano.com\/wp-content\/uploads\/IMG_3317-300x225.jpg 300w, https:\/\/rauliano.com\/wp-content\/uploads\/IMG_3317-768x576.jpg 768w, https:\/\/rauliano.com\/wp-content\/uploads\/IMG_3317-1536x1152.jpg 1536w, https:\/\/rauliano.com\/wp-content\/uploads\/IMG_3317-666x499.jpg 666w, https:\/\/rauliano.com\/wp-content\/uploads\/IMG_3317.jpg 1600w\" sizes=\"auto, (max-width: 1024px) 100vw, 1024px\" \/><figcaption class=\"wp-element-caption\">Museo de Arte Contempor\u00e1neo. Santiago. Chile. 2011<\/figcaption><\/figure>\n\n\n\n<p>Topograf\u00eda Humana investiga la relaci\u00f3n entre el individuo contempor\u00e1neo \u2014situado desnudo\u2014 y un espacio natural.<\/p>\n\n\n\n<p>Las fotograf\u00edas fueron realizadas en diversos territorios silvestres del mundo, y las personas retratadas provienen de distintas ciudades y pa\u00edses; no necesariamente son nativas del entorno en el que aparecen.<br>El proyecto deja abiertas varias preguntas: \u00bfQu\u00e9 implica habitar desnudo un espacio igualmente desnudo? \u00bfEs fluida la relaci\u00f3n entre el cuerpo desnudo y el espacio silvestre? \u00bfQu\u00e9 ocurre cuando el individuo contempor\u00e1neo intenta emular el estado natural de los antiguos seres primitivos?\u00bfC\u00f3mo se experimenta el propio cuerpo en su desnudez?<\/p>\n\n\n\n<p>Topograf\u00eda Humana fue exhibido en el Museo de Arte Contempor\u00e1neo de Santiago de Chile en 2011, en el marco de la Antolog\u00eda Visual de J\u00f3venes Fot\u00f3grafos.<\/p>\n\n\n\n<figure class=\"wp-block-gallery has-nested-images columns-4 is-cropped wp-block-gallery-1 is-layout-flex wp-block-gallery-is-layout-flex\">\n<figure class=\"wp-block-image size-large\"><img loading=\"lazy\" decoding=\"async\" width=\"1024\" height=\"682\" data-id=\"561\" src=\"https:\/\/rauliano.com\/wp-content\/uploads\/Topografia-01-1-1024x682.jpg\" alt=\"\" class=\"wp-image-561\" srcset=\"https:\/\/rauliano.com\/wp-content\/uploads\/Topografia-01-1-1024x682.jpg 1024w, https:\/\/rauliano.com\/wp-content\/uploads\/Topografia-01-1-300x200.jpg 300w, https:\/\/rauliano.com\/wp-content\/uploads\/Topografia-01-1-768x512.jpg 768w, https:\/\/rauliano.com\/wp-content\/uploads\/Topografia-01-1-1536x1024.jpg 1536w, https:\/\/rauliano.com\/wp-content\/uploads\/Topografia-01-1-180x120.jpg 180w, https:\/\/rauliano.com\/wp-content\/uploads\/Topografia-01-1.jpg 2000w\" sizes=\"auto, (max-width: 1024px) 100vw, 1024px\" \/><\/figure>\n\n\n\n<figure class=\"wp-block-image size-large\"><img loading=\"lazy\" decoding=\"async\" width=\"1024\" height=\"682\" data-id=\"558\" src=\"https:\/\/rauliano.com\/wp-content\/uploads\/Topografia-02-1-1024x682.jpg\" alt=\"\" class=\"wp-image-558\" srcset=\"https:\/\/rauliano.com\/wp-content\/uploads\/Topografia-02-1-1024x682.jpg 1024w, https:\/\/rauliano.com\/wp-content\/uploads\/Topografia-02-1-300x200.jpg 300w, https:\/\/rauliano.com\/wp-content\/uploads\/Topografia-02-1-768x512.jpg 768w, https:\/\/rauliano.com\/wp-content\/uploads\/Topografia-02-1-1536x1024.jpg 1536w, https:\/\/rauliano.com\/wp-content\/uploads\/Topografia-02-1-180x120.jpg 180w, https:\/\/rauliano.com\/wp-content\/uploads\/Topografia-02-1.jpg 2000w\" sizes=\"auto, (max-width: 1024px) 100vw, 1024px\" \/><\/figure>\n\n\n\n<figure class=\"wp-block-image size-large\"><img loading=\"lazy\" decoding=\"async\" width=\"682\" height=\"1024\" data-id=\"559\" src=\"https:\/\/rauliano.com\/wp-content\/uploads\/Topografia-03-1-682x1024.jpg\" alt=\"\" class=\"wp-image-559\" srcset=\"https:\/\/rauliano.com\/wp-content\/uploads\/Topografia-03-1-682x1024.jpg 682w, https:\/\/rauliano.com\/wp-content\/uploads\/Topografia-03-1-200x300.jpg 200w, https:\/\/rauliano.com\/wp-content\/uploads\/Topografia-03-1-768x1152.jpg 768w, https:\/\/rauliano.com\/wp-content\/uploads\/Topografia-03-1-1024x1536.jpg 1024w, https:\/\/rauliano.com\/wp-content\/uploads\/Topografia-03-1-666x999.jpg 666w, https:\/\/rauliano.com\/wp-content\/uploads\/Topografia-03-1.jpg 1333w\" sizes=\"auto, (max-width: 682px) 100vw, 682px\" \/><\/figure>\n\n\n\n<figure class=\"wp-block-image size-large\"><img loading=\"lazy\" decoding=\"async\" width=\"682\" height=\"1024\" data-id=\"562\" src=\"https:\/\/rauliano.com\/wp-content\/uploads\/Topografia-04-1-682x1024.jpg\" alt=\"\" class=\"wp-image-562\" srcset=\"https:\/\/rauliano.com\/wp-content\/uploads\/Topografia-04-1-682x1024.jpg 682w, https:\/\/rauliano.com\/wp-content\/uploads\/Topografia-04-1-200x300.jpg 200w, https:\/\/rauliano.com\/wp-content\/uploads\/Topografia-04-1-768x1152.jpg 768w, https:\/\/rauliano.com\/wp-content\/uploads\/Topografia-04-1-1024x1536.jpg 1024w, https:\/\/rauliano.com\/wp-content\/uploads\/Topografia-04-1-666x999.jpg 666w, https:\/\/rauliano.com\/wp-content\/uploads\/Topografia-04-1.jpg 1333w\" sizes=\"auto, (max-width: 682px) 100vw, 682px\" \/><\/figure>\n\n\n\n<figure class=\"wp-block-image size-large\"><img loading=\"lazy\" decoding=\"async\" width=\"682\" height=\"1024\" data-id=\"560\" src=\"https:\/\/rauliano.com\/wp-content\/uploads\/Topografia-05-1-682x1024.jpg\" alt=\"\" class=\"wp-image-560\" srcset=\"https:\/\/rauliano.com\/wp-content\/uploads\/Topografia-05-1-682x1024.jpg 682w, https:\/\/rauliano.com\/wp-content\/uploads\/Topografia-05-1-200x300.jpg 200w, https:\/\/rauliano.com\/wp-content\/uploads\/Topografia-05-1-768x1152.jpg 768w, https:\/\/rauliano.com\/wp-content\/uploads\/Topografia-05-1-1024x1536.jpg 1024w, https:\/\/rauliano.com\/wp-content\/uploads\/Topografia-05-1-666x999.jpg 666w, https:\/\/rauliano.com\/wp-content\/uploads\/Topografia-05-1.jpg 1333w\" sizes=\"auto, (max-width: 682px) 100vw, 682px\" \/><\/figure>\n\n\n\n<figure class=\"wp-block-image size-large\"><img loading=\"lazy\" decoding=\"async\" width=\"1024\" height=\"682\" data-id=\"563\" src=\"https:\/\/rauliano.com\/wp-content\/uploads\/Topografia-06-1-1024x682.jpg\" alt=\"\" class=\"wp-image-563\" srcset=\"https:\/\/rauliano.com\/wp-content\/uploads\/Topografia-06-1-1024x682.jpg 1024w, https:\/\/rauliano.com\/wp-content\/uploads\/Topografia-06-1-300x200.jpg 300w, https:\/\/rauliano.com\/wp-content\/uploads\/Topografia-06-1-768x512.jpg 768w, https:\/\/rauliano.com\/wp-content\/uploads\/Topografia-06-1-1536x1024.jpg 1536w, https:\/\/rauliano.com\/wp-content\/uploads\/Topografia-06-1-180x120.jpg 180w, https:\/\/rauliano.com\/wp-content\/uploads\/Topografia-06-1.jpg 2000w\" sizes=\"auto, (max-width: 1024px) 100vw, 1024px\" \/><\/figure>\n\n\n\n<figure class=\"wp-block-image size-large\"><img loading=\"lazy\" decoding=\"async\" width=\"1024\" height=\"682\" data-id=\"564\" src=\"https:\/\/rauliano.com\/wp-content\/uploads\/Topografia-07-1-1024x682.jpg\" alt=\"\" class=\"wp-image-564\" srcset=\"https:\/\/rauliano.com\/wp-content\/uploads\/Topografia-07-1-1024x682.jpg 1024w, https:\/\/rauliano.com\/wp-content\/uploads\/Topografia-07-1-300x200.jpg 300w, https:\/\/rauliano.com\/wp-content\/uploads\/Topografia-07-1-768x512.jpg 768w, https:\/\/rauliano.com\/wp-content\/uploads\/Topografia-07-1-1536x1024.jpg 1536w, https:\/\/rauliano.com\/wp-content\/uploads\/Topografia-07-1-180x120.jpg 180w, https:\/\/rauliano.com\/wp-content\/uploads\/Topografia-07-1.jpg 2000w\" sizes=\"auto, (max-width: 1024px) 100vw, 1024px\" \/><\/figure>\n\n\n\n<figure class=\"wp-block-image size-large\"><img loading=\"lazy\" decoding=\"async\" width=\"1024\" height=\"680\" data-id=\"565\" src=\"https:\/\/rauliano.com\/wp-content\/uploads\/Topografia-08-1-1024x680.jpg\" alt=\"\" class=\"wp-image-565\" srcset=\"https:\/\/rauliano.com\/wp-content\/uploads\/Topografia-08-1-1024x680.jpg 1024w, https:\/\/rauliano.com\/wp-content\/uploads\/Topografia-08-1-300x199.jpg 300w, https:\/\/rauliano.com\/wp-content\/uploads\/Topografia-08-1-768x510.jpg 768w, https:\/\/rauliano.com\/wp-content\/uploads\/Topografia-08-1-1536x1021.jpg 1536w, https:\/\/rauliano.com\/wp-content\/uploads\/Topografia-08-1-180x120.jpg 180w, https:\/\/rauliano.com\/wp-content\/uploads\/Topografia-08-1.jpg 2000w\" sizes=\"auto, (max-width: 1024px) 100vw, 1024px\" \/><\/figure>\n\n\n\n<figure class=\"wp-block-image size-large\"><img loading=\"lazy\" decoding=\"async\" width=\"684\" height=\"1024\" data-id=\"566\" src=\"https:\/\/rauliano.com\/wp-content\/uploads\/Topografia-09-1-684x1024.jpg\" alt=\"\" class=\"wp-image-566\" srcset=\"https:\/\/rauliano.com\/wp-content\/uploads\/Topografia-09-1-684x1024.jpg 684w, https:\/\/rauliano.com\/wp-content\/uploads\/Topografia-09-1-200x300.jpg 200w, https:\/\/rauliano.com\/wp-content\/uploads\/Topografia-09-1-768x1151.jpg 768w, https:\/\/rauliano.com\/wp-content\/uploads\/Topografia-09-1-1025x1536.jpg 1025w, https:\/\/rauliano.com\/wp-content\/uploads\/Topografia-09-1.jpg 1335w\" sizes=\"auto, (max-width: 684px) 100vw, 684px\" \/><\/figure>\n\n\n\n<figure class=\"wp-block-image size-large\"><img loading=\"lazy\" decoding=\"async\" width=\"1024\" height=\"682\" data-id=\"567\" src=\"https:\/\/rauliano.com\/wp-content\/uploads\/Topografia-10-2-1024x682.jpg\" alt=\"\" class=\"wp-image-567\" srcset=\"https:\/\/rauliano.com\/wp-content\/uploads\/Topografia-10-2-1024x682.jpg 1024w, https:\/\/rauliano.com\/wp-content\/uploads\/Topografia-10-2-300x200.jpg 300w, https:\/\/rauliano.com\/wp-content\/uploads\/Topografia-10-2-768x512.jpg 768w, https:\/\/rauliano.com\/wp-content\/uploads\/Topografia-10-2-1536x1024.jpg 1536w, https:\/\/rauliano.com\/wp-content\/uploads\/Topografia-10-2-180x120.jpg 180w, https:\/\/rauliano.com\/wp-content\/uploads\/Topografia-10-2.jpg 2000w\" sizes=\"auto, (max-width: 1024px) 100vw, 1024px\" \/><\/figure>\n\n\n\n<figure class=\"wp-block-image size-large\"><img loading=\"lazy\" decoding=\"async\" width=\"682\" height=\"1024\" data-id=\"568\" src=\"https:\/\/rauliano.com\/wp-content\/uploads\/Topografia-11-2-682x1024.jpg\" alt=\"\" class=\"wp-image-568\" srcset=\"https:\/\/rauliano.com\/wp-content\/uploads\/Topografia-11-2-682x1024.jpg 682w, https:\/\/rauliano.com\/wp-content\/uploads\/Topografia-11-2-200x300.jpg 200w, https:\/\/rauliano.com\/wp-content\/uploads\/Topografia-11-2-768x1152.jpg 768w, https:\/\/rauliano.com\/wp-content\/uploads\/Topografia-11-2-1024x1536.jpg 1024w, https:\/\/rauliano.com\/wp-content\/uploads\/Topografia-11-2-666x999.jpg 666w, https:\/\/rauliano.com\/wp-content\/uploads\/Topografia-11-2.jpg 1333w\" sizes=\"auto, (max-width: 682px) 100vw, 682px\" \/><\/figure>\n\n\n\n<figure class=\"wp-block-image size-large\"><img loading=\"lazy\" decoding=\"async\" width=\"1024\" height=\"682\" data-id=\"570\" src=\"https:\/\/rauliano.com\/wp-content\/uploads\/Topografia-12-2-1024x682.jpg\" alt=\"\" class=\"wp-image-570\" srcset=\"https:\/\/rauliano.com\/wp-content\/uploads\/Topografia-12-2-1024x682.jpg 1024w, https:\/\/rauliano.com\/wp-content\/uploads\/Topografia-12-2-300x200.jpg 300w, https:\/\/rauliano.com\/wp-content\/uploads\/Topografia-12-2-768x512.jpg 768w, https:\/\/rauliano.com\/wp-content\/uploads\/Topografia-12-2-1536x1024.jpg 1536w, https:\/\/rauliano.com\/wp-content\/uploads\/Topografia-12-2-180x120.jpg 180w, https:\/\/rauliano.com\/wp-content\/uploads\/Topografia-12-2.jpg 2000w\" sizes=\"auto, (max-width: 1024px) 100vw, 1024px\" \/><\/figure>\n\n\n\n<figure class=\"wp-block-image size-large\"><img loading=\"lazy\" decoding=\"async\" width=\"1024\" height=\"682\" data-id=\"569\" src=\"https:\/\/rauliano.com\/wp-content\/uploads\/Topografia-13-1-1024x682.jpg\" alt=\"\" class=\"wp-image-569\" srcset=\"https:\/\/rauliano.com\/wp-content\/uploads\/Topografia-13-1-1024x682.jpg 1024w, https:\/\/rauliano.com\/wp-content\/uploads\/Topografia-13-1-300x200.jpg 300w, https:\/\/rauliano.com\/wp-content\/uploads\/Topografia-13-1-768x512.jpg 768w, https:\/\/rauliano.com\/wp-content\/uploads\/Topografia-13-1-1536x1024.jpg 1536w, https:\/\/rauliano.com\/wp-content\/uploads\/Topografia-13-1-180x120.jpg 180w, https:\/\/rauliano.com\/wp-content\/uploads\/Topografia-13-1.jpg 2000w\" sizes=\"auto, (max-width: 1024px) 100vw, 1024px\" \/><\/figure>\n\n\n\n<figure class=\"wp-block-image size-large\"><img loading=\"lazy\" decoding=\"async\" width=\"1024\" height=\"680\" data-id=\"571\" src=\"https:\/\/rauliano.com\/wp-content\/uploads\/Topografia-14-1-1024x680.jpg\" alt=\"\" class=\"wp-image-571\" srcset=\"https:\/\/rauliano.com\/wp-content\/uploads\/Topografia-14-1-1024x680.jpg 1024w, https:\/\/rauliano.com\/wp-content\/uploads\/Topografia-14-1-300x199.jpg 300w, https:\/\/rauliano.com\/wp-content\/uploads\/Topografia-14-1-768x510.jpg 768w, https:\/\/rauliano.com\/wp-content\/uploads\/Topografia-14-1-1536x1021.jpg 1536w, https:\/\/rauliano.com\/wp-content\/uploads\/Topografia-14-1-180x120.jpg 180w, https:\/\/rauliano.com\/wp-content\/uploads\/Topografia-14-1.jpg 2000w\" sizes=\"auto, (max-width: 1024px) 100vw, 1024px\" \/><\/figure>\n\n\n\n<figure class=\"wp-block-image size-large\"><img loading=\"lazy\" decoding=\"async\" width=\"684\" height=\"1024\" data-id=\"572\" src=\"https:\/\/rauliano.com\/wp-content\/uploads\/Topografia-15-1-684x1024.jpg\" alt=\"\" class=\"wp-image-572\" srcset=\"https:\/\/rauliano.com\/wp-content\/uploads\/Topografia-15-1-684x1024.jpg 684w, https:\/\/rauliano.com\/wp-content\/uploads\/Topografia-15-1-200x300.jpg 200w, https:\/\/rauliano.com\/wp-content\/uploads\/Topografia-15-1-768x1151.jpg 768w, https:\/\/rauliano.com\/wp-content\/uploads\/Topografia-15-1-1025x1536.jpg 1025w, https:\/\/rauliano.com\/wp-content\/uploads\/Topografia-15-1.jpg 1335w\" sizes=\"auto, (max-width: 684px) 100vw, 684px\" \/><\/figure>\n\n\n\n<figure class=\"wp-block-image size-large\"><img loading=\"lazy\" decoding=\"async\" width=\"1024\" height=\"680\" data-id=\"573\" src=\"https:\/\/rauliano.com\/wp-content\/uploads\/Topografia-16-1-1024x680.jpg\" alt=\"\" class=\"wp-image-573\" srcset=\"https:\/\/rauliano.com\/wp-content\/uploads\/Topografia-16-1-1024x680.jpg 1024w, https:\/\/rauliano.com\/wp-content\/uploads\/Topografia-16-1-300x199.jpg 300w, https:\/\/rauliano.com\/wp-content\/uploads\/Topografia-16-1-768x510.jpg 768w, https:\/\/rauliano.com\/wp-content\/uploads\/Topografia-16-1-1536x1021.jpg 1536w, https:\/\/rauliano.com\/wp-content\/uploads\/Topografia-16-1-180x120.jpg 180w, https:\/\/rauliano.com\/wp-content\/uploads\/Topografia-16-1.jpg 2000w\" sizes=\"auto, (max-width: 1024px) 100vw, 1024px\" \/><\/figure>\n\n\n\n<figure class=\"wp-block-image size-large\"><img loading=\"lazy\" decoding=\"async\" width=\"1024\" height=\"682\" data-id=\"576\" src=\"https:\/\/rauliano.com\/wp-content\/uploads\/Topografia-17-1-1024x682.jpg\" alt=\"\" class=\"wp-image-576\" srcset=\"https:\/\/rauliano.com\/wp-content\/uploads\/Topografia-17-1-1024x682.jpg 1024w, https:\/\/rauliano.com\/wp-content\/uploads\/Topografia-17-1-300x200.jpg 300w, https:\/\/rauliano.com\/wp-content\/uploads\/Topografia-17-1-768x512.jpg 768w, https:\/\/rauliano.com\/wp-content\/uploads\/Topografia-17-1-1536x1024.jpg 1536w, https:\/\/rauliano.com\/wp-content\/uploads\/Topografia-17-1-180x120.jpg 180w, https:\/\/rauliano.com\/wp-content\/uploads\/Topografia-17-1.jpg 2000w\" sizes=\"auto, (max-width: 1024px) 100vw, 1024px\" \/><\/figure>\n\n\n\n<figure class=\"wp-block-image size-large\"><img loading=\"lazy\" decoding=\"async\" width=\"1024\" height=\"682\" data-id=\"574\" src=\"https:\/\/rauliano.com\/wp-content\/uploads\/Topografia-18-1-1024x682.jpg\" alt=\"\" class=\"wp-image-574\" srcset=\"https:\/\/rauliano.com\/wp-content\/uploads\/Topografia-18-1-1024x682.jpg 1024w, https:\/\/rauliano.com\/wp-content\/uploads\/Topografia-18-1-300x200.jpg 300w, https:\/\/rauliano.com\/wp-content\/uploads\/Topografia-18-1-768x512.jpg 768w, https:\/\/rauliano.com\/wp-content\/uploads\/Topografia-18-1-1536x1024.jpg 1536w, https:\/\/rauliano.com\/wp-content\/uploads\/Topografia-18-1-180x120.jpg 180w, https:\/\/rauliano.com\/wp-content\/uploads\/Topografia-18-1.jpg 2000w\" sizes=\"auto, (max-width: 1024px) 100vw, 1024px\" \/><\/figure>\n\n\n\n<figure class=\"wp-block-image size-large\"><img loading=\"lazy\" decoding=\"async\" width=\"684\" height=\"1024\" data-id=\"577\" src=\"https:\/\/rauliano.com\/wp-content\/uploads\/Topografia-19-1-684x1024.jpg\" alt=\"\" class=\"wp-image-577\" srcset=\"https:\/\/rauliano.com\/wp-content\/uploads\/Topografia-19-1-684x1024.jpg 684w, https:\/\/rauliano.com\/wp-content\/uploads\/Topografia-19-1-200x300.jpg 200w, https:\/\/rauliano.com\/wp-content\/uploads\/Topografia-19-1-768x1151.jpg 768w, https:\/\/rauliano.com\/wp-content\/uploads\/Topografia-19-1-1025x1536.jpg 1025w, https:\/\/rauliano.com\/wp-content\/uploads\/Topografia-19-1.jpg 1335w\" sizes=\"auto, (max-width: 684px) 100vw, 684px\" \/><\/figure>\n\n\n\n<figure class=\"wp-block-image size-large\"><img loading=\"lazy\" decoding=\"async\" width=\"1024\" height=\"680\" data-id=\"575\" src=\"https:\/\/rauliano.com\/wp-content\/uploads\/Topografia-20-1-1024x680.jpg\" alt=\"\" class=\"wp-image-575\" srcset=\"https:\/\/rauliano.com\/wp-content\/uploads\/Topografia-20-1-1024x680.jpg 1024w, https:\/\/rauliano.com\/wp-content\/uploads\/Topografia-20-1-300x199.jpg 300w, https:\/\/rauliano.com\/wp-content\/uploads\/Topografia-20-1-768x510.jpg 768w, https:\/\/rauliano.com\/wp-content\/uploads\/Topografia-20-1-1536x1021.jpg 1536w, https:\/\/rauliano.com\/wp-content\/uploads\/Topografia-20-1-180x120.jpg 180w, https:\/\/rauliano.com\/wp-content\/uploads\/Topografia-20-1.jpg 2000w\" sizes=\"auto, (max-width: 1024px) 100vw, 1024px\" \/><\/figure>\n\n\n\n<figure class=\"wp-block-image size-large\"><img loading=\"lazy\" decoding=\"async\" width=\"1024\" height=\"682\" data-id=\"578\" src=\"https:\/\/rauliano.com\/wp-content\/uploads\/Topografia-21-1-1024x682.jpg\" alt=\"\" class=\"wp-image-578\" srcset=\"https:\/\/rauliano.com\/wp-content\/uploads\/Topografia-21-1-1024x682.jpg 1024w, https:\/\/rauliano.com\/wp-content\/uploads\/Topografia-21-1-300x200.jpg 300w, https:\/\/rauliano.com\/wp-content\/uploads\/Topografia-21-1-768x512.jpg 768w, https:\/\/rauliano.com\/wp-content\/uploads\/Topografia-21-1-1536x1024.jpg 1536w, https:\/\/rauliano.com\/wp-content\/uploads\/Topografia-21-1-180x120.jpg 180w, https:\/\/rauliano.com\/wp-content\/uploads\/Topografia-21-1.jpg 2000w\" sizes=\"auto, (max-width: 1024px) 100vw, 1024px\" \/><\/figure>\n\n\n\n<figure class=\"wp-block-image size-large\"><img loading=\"lazy\" decoding=\"async\" width=\"684\" height=\"1024\" data-id=\"579\" src=\"https:\/\/rauliano.com\/wp-content\/uploads\/Topografia-22-1-684x1024.jpg\" alt=\"\" class=\"wp-image-579\" srcset=\"https:\/\/rauliano.com\/wp-content\/uploads\/Topografia-22-1-684x1024.jpg 684w, https:\/\/rauliano.com\/wp-content\/uploads\/Topografia-22-1-200x300.jpg 200w, https:\/\/rauliano.com\/wp-content\/uploads\/Topografia-22-1-768x1151.jpg 768w, https:\/\/rauliano.com\/wp-content\/uploads\/Topografia-22-1-1025x1536.jpg 1025w, https:\/\/rauliano.com\/wp-content\/uploads\/Topografia-22-1.jpg 1335w\" sizes=\"auto, (max-width: 684px) 100vw, 684px\" \/><\/figure>\n\n\n\n<figure class=\"wp-block-image size-large\"><img loading=\"lazy\" decoding=\"async\" width=\"1024\" height=\"682\" data-id=\"580\" src=\"https:\/\/rauliano.com\/wp-content\/uploads\/Topografia-23-1-1024x682.jpg\" alt=\"\" class=\"wp-image-580\" srcset=\"https:\/\/rauliano.com\/wp-content\/uploads\/Topografia-23-1-1024x682.jpg 1024w, https:\/\/rauliano.com\/wp-content\/uploads\/Topografia-23-1-300x200.jpg 300w, https:\/\/rauliano.com\/wp-content\/uploads\/Topografia-23-1-768x512.jpg 768w, https:\/\/rauliano.com\/wp-content\/uploads\/Topografia-23-1-1536x1024.jpg 1536w, https:\/\/rauliano.com\/wp-content\/uploads\/Topografia-23-1-180x120.jpg 180w, https:\/\/rauliano.com\/wp-content\/uploads\/Topografia-23-1.jpg 2000w\" sizes=\"auto, (max-width: 1024px) 100vw, 1024px\" \/><\/figure>\n\n\n\n<figure class=\"wp-block-image size-large\"><img loading=\"lazy\" decoding=\"async\" width=\"1024\" height=\"682\" data-id=\"586\" src=\"https:\/\/rauliano.com\/wp-content\/uploads\/Topografia-24-1-1024x682.jpg\" alt=\"\" class=\"wp-image-586\" srcset=\"https:\/\/rauliano.com\/wp-content\/uploads\/Topografia-24-1-1024x682.jpg 1024w, https:\/\/rauliano.com\/wp-content\/uploads\/Topografia-24-1-300x200.jpg 300w, https:\/\/rauliano.com\/wp-content\/uploads\/Topografia-24-1-768x512.jpg 768w, https:\/\/rauliano.com\/wp-content\/uploads\/Topografia-24-1-1536x1024.jpg 1536w, https:\/\/rauliano.com\/wp-content\/uploads\/Topografia-24-1-180x120.jpg 180w, https:\/\/rauliano.com\/wp-content\/uploads\/Topografia-24-1.jpg 2000w\" sizes=\"auto, (max-width: 1024px) 100vw, 1024px\" \/><\/figure>\n\n\n\n<figure class=\"wp-block-image size-large\"><img loading=\"lazy\" decoding=\"async\" width=\"684\" height=\"1024\" data-id=\"581\" src=\"https:\/\/rauliano.com\/wp-content\/uploads\/Topografia-25-1-684x1024.jpg\" alt=\"\" class=\"wp-image-581\" srcset=\"https:\/\/rauliano.com\/wp-content\/uploads\/Topografia-25-1-684x1024.jpg 684w, https:\/\/rauliano.com\/wp-content\/uploads\/Topografia-25-1-200x300.jpg 200w, https:\/\/rauliano.com\/wp-content\/uploads\/Topografia-25-1-768x1151.jpg 768w, https:\/\/rauliano.com\/wp-content\/uploads\/Topografia-25-1-1025x1536.jpg 1025w, https:\/\/rauliano.com\/wp-content\/uploads\/Topografia-25-1.jpg 1335w\" sizes=\"auto, (max-width: 684px) 100vw, 684px\" \/><\/figure>\n\n\n\n<figure class=\"wp-block-image size-large\"><img loading=\"lazy\" decoding=\"async\" width=\"1024\" height=\"682\" data-id=\"582\" src=\"https:\/\/rauliano.com\/wp-content\/uploads\/Topografia-26-1-1024x682.jpg\" alt=\"\" class=\"wp-image-582\" srcset=\"https:\/\/rauliano.com\/wp-content\/uploads\/Topografia-26-1-1024x682.jpg 1024w, https:\/\/rauliano.com\/wp-content\/uploads\/Topografia-26-1-300x200.jpg 300w, https:\/\/rauliano.com\/wp-content\/uploads\/Topografia-26-1-768x512.jpg 768w, https:\/\/rauliano.com\/wp-content\/uploads\/Topografia-26-1-1536x1024.jpg 1536w, https:\/\/rauliano.com\/wp-content\/uploads\/Topografia-26-1-180x120.jpg 180w, https:\/\/rauliano.com\/wp-content\/uploads\/Topografia-26-1.jpg 2000w\" sizes=\"auto, (max-width: 1024px) 100vw, 1024px\" \/><\/figure>\n\n\n\n<figure class=\"wp-block-image size-large\"><img loading=\"lazy\" decoding=\"async\" width=\"682\" height=\"1024\" data-id=\"583\" src=\"https:\/\/rauliano.com\/wp-content\/uploads\/Topografia-27-1-682x1024.jpg\" alt=\"\" class=\"wp-image-583\" srcset=\"https:\/\/rauliano.com\/wp-content\/uploads\/Topografia-27-1-682x1024.jpg 682w, https:\/\/rauliano.com\/wp-content\/uploads\/Topografia-27-1-200x300.jpg 200w, https:\/\/rauliano.com\/wp-content\/uploads\/Topografia-27-1-768x1152.jpg 768w, https:\/\/rauliano.com\/wp-content\/uploads\/Topografia-27-1-1024x1536.jpg 1024w, https:\/\/rauliano.com\/wp-content\/uploads\/Topografia-27-1-666x999.jpg 666w, https:\/\/rauliano.com\/wp-content\/uploads\/Topografia-27-1.jpg 1333w\" sizes=\"auto, (max-width: 682px) 100vw, 682px\" \/><\/figure>\n\n\n\n<figure class=\"wp-block-image size-large\"><img loading=\"lazy\" decoding=\"async\" width=\"684\" height=\"1024\" data-id=\"585\" src=\"https:\/\/rauliano.com\/wp-content\/uploads\/Topografia-28-1-684x1024.jpg\" alt=\"\" class=\"wp-image-585\" srcset=\"https:\/\/rauliano.com\/wp-content\/uploads\/Topografia-28-1-684x1024.jpg 684w, https:\/\/rauliano.com\/wp-content\/uploads\/Topografia-28-1-200x300.jpg 200w, https:\/\/rauliano.com\/wp-content\/uploads\/Topografia-28-1-768x1151.jpg 768w, https:\/\/rauliano.com\/wp-content\/uploads\/Topografia-28-1-1025x1536.jpg 1025w, https:\/\/rauliano.com\/wp-content\/uploads\/Topografia-28-1.jpg 1335w\" sizes=\"auto, (max-width: 684px) 100vw, 684px\" \/><\/figure>\n\n\n\n<figure class=\"wp-block-image size-large\"><img loading=\"lazy\" decoding=\"async\" width=\"1024\" height=\"682\" data-id=\"584\" src=\"https:\/\/rauliano.com\/wp-content\/uploads\/Topografia-29-1-1024x682.jpg\" alt=\"\" class=\"wp-image-584\" srcset=\"https:\/\/rauliano.com\/wp-content\/uploads\/Topografia-29-1-1024x682.jpg 1024w, https:\/\/rauliano.com\/wp-content\/uploads\/Topografia-29-1-300x200.jpg 300w, https:\/\/rauliano.com\/wp-content\/uploads\/Topografia-29-1-768x512.jpg 768w, https:\/\/rauliano.com\/wp-content\/uploads\/Topografia-29-1-1536x1024.jpg 1536w, https:\/\/rauliano.com\/wp-content\/uploads\/Topografia-29-1-180x120.jpg 180w, https:\/\/rauliano.com\/wp-content\/uploads\/Topografia-29-1.jpg 2000w\" sizes=\"auto, (max-width: 1024px) 100vw, 1024px\" \/><\/figure>\n<\/figure>\n\n\n\n<p><\/p>\n\n\n\n<p><\/p>\n\n\n\n<p><\/p>\n","protected":false},"excerpt":{"rendered":"<p>Topograf\u00eda Humana investiga la relaci\u00f3n entre el individuo contempor\u00e1neo \u2014situado desnudo\u2014 y un espacio natural. Las fotograf\u00edas fueron realizadas en diversos territorios silvestres del mundo, y las personas retratadas provienen de distintas ciudades y pa\u00edses;<span class=\"more-button\"><a href=\"https:\/\/rauliano.com\/?page_id=474\" class=\"more-link\">Continue reading<span class=\"screen-reader-text\">Topograf\u00eda Humana<\/span><i class=\"fa fa-angle-right\" aria-hidden=\"true\"><\/i><\/a><\/span><\/p>\n","protected":false},"author":2,"featured_media":0,"parent":16,"menu_order":0,"comment_status":"closed","ping_status":"closed","template":"","meta":{"footnotes":""},"class_list":["post-474","page","type-page","status-publish","hentry"],"_links":{"self":[{"href":"https:\/\/rauliano.com\/index.php?rest_route=\/wp\/v2\/pages\/474","targetHints":{"allow":["GET"]}}],"collection":[{"href":"https:\/\/rauliano.com\/index.php?rest_route=\/wp\/v2\/pages"}],"about":[{"href":"https:\/\/rauliano.com\/index.php?rest_route=\/wp\/v2\/types\/page"}],"author":[{"embeddable":true,"href":"https:\/\/rauliano.com\/index.php?rest_route=\/wp\/v2\/users\/2"}],"replies":[{"embeddable":true,"href":"https:\/\/rauliano.com\/index.php?rest_route=%2Fwp%2Fv2%2Fcomments&post=474"}],"version-history":[{"count":12,"href":"https:\/\/rauliano.com\/index.php?rest_route=\/wp\/v2\/pages\/474\/revisions"}],"predecessor-version":[{"id":1132,"href":"https:\/\/rauliano.com\/index.php?rest_route=\/wp\/v2\/pages\/474\/revisions\/1132"}],"up":[{"embeddable":true,"href":"https:\/\/rauliano.com\/index.php?rest_route=\/wp\/v2\/pages\/16"}],"wp:attachment":[{"href":"https:\/\/rauliano.com\/index.php?rest_route=%2Fwp%2Fv2%2Fmedia&parent=474"}],"curies":[{"name":"wp","href":"https:\/\/api.w.org\/{rel}","templated":true}]}}