{"id":5,"date":"2020-03-23T13:10:47","date_gmt":"2020-03-23T16:10:47","guid":{"rendered":"http:\/\/rauliano.com\/?page_id=5"},"modified":"2025-09-13T11:59:00","modified_gmt":"2025-09-13T14:59:00","slug":"acerca-de","status":"publish","type":"page","link":"https:\/\/rauliano.com\/?page_id=5","title":{"rendered":"Acerca de"},"content":{"rendered":"\n<p>Soy fot\u00f3grafo y m\u00e9dico. Mi pr\u00e1ctica art\u00edstica se centra en el retrato \u2014de seres vivientes y no vivientes\u2014 como un espacio donde convergen lo antropol\u00f3gico, lo social y lo simb\u00f3lico. Me interesa la imagen como huella, como territorio emocional, como documento y como pregunta.<\/p>\n\n\n\n<p>Mi formaci\u00f3n ha sido independiente, guiada por la curiosidad y el rigor. He participado en m\u00faltiples talleres y cursos y un diplomado en Est\u00e9tica Fotogr\u00e1fica en la Pontificia Universidad Cat\u00f3lica de Chile, y m\u00e1s recientemente en un workshop intensivo con Alec Soth en M\u00e9xico.<\/p>\n\n\n\n<hr class=\"wp-block-separator has-alpha-channel-opacity\"\/>\n\n\n\n<p><strong>EXPOSICIONES<\/strong><\/p>\n\n\n\n<p><strong><em>Individuales<\/em><\/strong><\/p>\n\n\n\n<ul class=\"wp-block-list\">\n<li><em>Pa\u00eds de la Ausencia<\/em> (2010) \u2014 Instituto Cultural de Providencia, Museo Gabriela Mistral (Vicu\u00f1a), Universidad Santo Tom\u00e1s (Vi\u00f1a del Mar)<\/li>\n\n\n\n<li><em>Fronteras<\/em> (2012) \u2014 Centro Cultural Estaci\u00f3n Mapocho, Santiago<\/li>\n\n\n\n<li><em>Diez Minutos<\/em> (2014) \u2014 Sala Cenfoto, Biblioteca de Santiago<\/li>\n\n\n\n<li><em>Autorretrato Ciego<\/em> (2025).  Universidad de Talca (Cede de Santiago y Talca), centro Cultural MATUCANA 100 (Santiago). Casa del Arte Diego Rivera (Puerto Montt). <\/li>\n<\/ul>\n\n\n\n<p><strong><em>Colectivas (Chile)<\/em><\/strong><\/p>\n\n\n\n<ul class=\"wp-block-list\">\n<li><em>Antolog\u00eda Visual de J\u00f3venes Fot\u00f3grafos<\/em> (2011) \u2014 Museo de Arte Contempor\u00e1neo, Santiago. Con el proyecto <em>Topograf\u00eda Humana<\/em>.<\/li>\n\n\n\n<li><em>Desviados<\/em> (2011) \u2014 Espacio p\u00fablico, D\u00eda Nacional de la Fotograf\u00eda. Con el proyecto <em>Fronteras<\/em>.<\/li>\n\n\n\n<li>Festival Internacional <em>Foco 14<\/em> (2014) \u2014 Coquimbo. Con el proyecto <em>Fronteras<\/em>.<\/li>\n\n\n\n<li><em>FOCOM 2<\/em> (2015) \u2014 Santiago y Concepci\u00f3n. Con el proyecto <em>Piernas<\/em>.<\/li>\n\n\n\n<li><em>\u00c1lbum de Chile: Retrato de una naci\u00f3n<\/em> (2016) \u2014 Centro Cultural La Moneda, Santiago. Con el proyecto Pa\u00eds de la Ausencia<\/li>\n\n\n\n<li><em>Migrantes, Memoria y Cultura<\/em> (2016) \u2014 Santiago. Con el proyecto <em>Fronteras<\/em>.<\/li>\n<\/ul>\n\n\n\n<p><strong><em>Colectivas (Internacionales)<\/em><\/strong><\/p>\n\n\n\n<ul class=\"wp-block-list\">\n<li><em>Nude Figure in Landscape<\/em> (2013) \u2014 Carmel School of Visual Arts, California, EE.UU. Con el proyecto <em>Topograf\u00eda Humana<\/em>.<\/li>\n\n\n\n<li><em>Paraty em Foco<\/em> (2014) \u2014 Paraty, Brasil. Con el proyecto <em>Piernas<\/em>.<\/li>\n\n\n\n<li><em>Migrantes, Memoria y Cultura<\/em> (2015) \u2014 Buenos Aires, Argentina. Con el proyecto <em>Fronteras<\/em>.<\/li>\n\n\n\n<li><em>Migrantes, Memoria y Cultura<\/em> (2016) \u2014 Montevideo, Uruguay. Con el proyecto <em>Fronteras<\/em>.<\/li>\n<\/ul>\n\n\n\n<hr class=\"wp-block-separator has-alpha-channel-opacity\"\/>\n\n\n\n<p><strong>PUBLICACIONES<\/strong><\/p>\n\n\n\n<p><strong><em>Individuales<\/em><\/strong><\/p>\n\n\n\n<ul class=\"wp-block-list\">\n<li><em>Pa\u00eds de la Ausencia<\/em> (2010) \u2014 Libro fotogr\u00e1fico vinculado a la poes\u00eda de Gabriela Mistral. Distribuido en Chile (Ocholibros), Alemania, Brasil y Argentina<\/li>\n\n\n\n<li><em>Fronteras<\/em> (2012) \u2014 Cat\u00e1logo-objeto dise\u00f1ado por Bercz. Edici\u00f3n y distribuci\u00f3n independientes<\/li>\n<\/ul>\n\n\n\n<p><strong><em>Colectivas<\/em><\/strong><\/p>\n\n\n\n<ul class=\"wp-block-list\">\n<li><em>Imagen Criolla<\/em> (2013) \u2014 Obra analizada en el libro te\u00f3rico de Nathalie Goffard<\/li>\n\n\n\n<li><em>Guerrilla<\/em> (2013) \u2014 Portada del fanzine, 8va edici\u00f3n<\/li>\n\n\n\n<li><em>Nude Figure in Landscape<\/em> (2013) \u2014 Libro-cat\u00e1logo<\/li>\n\n\n\n<li><em>Foco 14<\/em> (2015) \u2014 Libro-cat\u00e1logo del festival<\/li>\n\n\n\n<li><em>\u00c1lbum de Chile<\/em> (2016) \u2014 Libro-cat\u00e1logo de la exposici\u00f3n. <\/li>\n<\/ul>\n\n\n\n<hr class=\"wp-block-separator has-alpha-channel-opacity\"\/>\n\n\n\n<p><strong>PREMIOS<\/strong><\/p>\n\n\n\n<ul class=\"wp-block-list\">\n<li>Primer Premio \u2014 Concurso de Fotograf\u00eda Revista Paula (2001)<\/li>\n\n\n\n<li>Primer Premio \u2014 Concurso Internacional Miradas de Iberoam\u00e9rica \u00abMemoria, Migrantes y Culturas\u00bb (2015) (https:\/\/www.iberrutas.org\/)<\/li>\n<\/ul>\n","protected":false},"excerpt":{"rendered":"<p>Soy fot\u00f3grafo y m\u00e9dico. Mi pr\u00e1ctica art\u00edstica se centra en el retrato \u2014de seres vivientes y no vivientes\u2014 como un espacio donde convergen lo antropol\u00f3gico, lo social y lo simb\u00f3lico. Me interesa la imagen como<span class=\"more-button\"><a href=\"https:\/\/rauliano.com\/?page_id=5\" class=\"more-link\">Continue reading<span class=\"screen-reader-text\">Acerca de<\/span><i class=\"fa fa-angle-right\" aria-hidden=\"true\"><\/i><\/a><\/span><\/p>\n","protected":false},"author":1,"featured_media":0,"parent":0,"menu_order":0,"comment_status":"closed","ping_status":"closed","template":"","meta":{"footnotes":""},"class_list":["post-5","page","type-page","status-publish","hentry"],"_links":{"self":[{"href":"https:\/\/rauliano.com\/index.php?rest_route=\/wp\/v2\/pages\/5","targetHints":{"allow":["GET"]}}],"collection":[{"href":"https:\/\/rauliano.com\/index.php?rest_route=\/wp\/v2\/pages"}],"about":[{"href":"https:\/\/rauliano.com\/index.php?rest_route=\/wp\/v2\/types\/page"}],"author":[{"embeddable":true,"href":"https:\/\/rauliano.com\/index.php?rest_route=\/wp\/v2\/users\/1"}],"replies":[{"embeddable":true,"href":"https:\/\/rauliano.com\/index.php?rest_route=%2Fwp%2Fv2%2Fcomments&post=5"}],"version-history":[{"count":23,"href":"https:\/\/rauliano.com\/index.php?rest_route=\/wp\/v2\/pages\/5\/revisions"}],"predecessor-version":[{"id":1019,"href":"https:\/\/rauliano.com\/index.php?rest_route=\/wp\/v2\/pages\/5\/revisions\/1019"}],"wp:attachment":[{"href":"https:\/\/rauliano.com\/index.php?rest_route=%2Fwp%2Fv2%2Fmedia&parent=5"}],"curies":[{"name":"wp","href":"https:\/\/api.w.org\/{rel}","templated":true}]}}